{"id":1763,"date":"2020-05-11T14:07:45","date_gmt":"2020-05-11T12:07:45","guid":{"rendered":"https:\/\/aria.co.rs\/?page_id=1763"},"modified":"2022-09-06T14:27:18","modified_gmt":"2022-09-06T12:27:18","slug":"nas-tim","status":"publish","type":"page","link":"https:\/\/mail.ariaconference.com\/en\/nas-tim\/","title":{"rendered":"Our team"},"content":{"rendered":"<p>1. Biljana Latinovi\u0107 Tanaskovi\u0107 &#8211; Direktor<br \/>\ne-mail: b.tanaskovic@aria.co.rs<br \/>\ntelefon: 063\/77-84-184<\/p>\n<p>2. Darja Mihajlovi\u0107 &#8211; Project manager<br \/>\ne-mail: d.mihajlovic@aria.co.rs<br \/>\ntelefon: 060\/31-60-862<\/p>\n<p>3.Tamara Mari\u0107 &#8211; Project manager<br \/>\ne-mail: t.milatovic@aria.co.rs<br \/>\ntelefon: 065\/36-04-590<\/p>\n<p>4. Milena \u0110or\u0111evi\u0107 &#8211; Project manager<br \/>\ne-mail: finansije@aria.co.rs<br \/>\ntelefon: 011\/26-00-978<\/p>\n<p>5.Tijana \u0110uri\u0107 &#8211; Asistent na projektima<br \/>\ne-mail: t.djuric@aria.co.rs<br \/>\ntelefon: 011\/26-00-978<\/p>\n<p>5. Dunja Todorovi\u0107 &#8211; Asistent na projetima<br \/>\ne-mail: dunja.mihajlovic@aria.co.rs<br \/>\ntelefon: 011\/26-00-978<\/p>\n","protected":false},"excerpt":{"rendered":"<p>1. Biljana Latinovi\u0107 Tanaskovi\u0107 &#8211; Direktor e-mail: b.tanaskovic@aria.co.rs telefon: 063\/77-84-184 2. Darja Mihajlovi\u0107 &#8211; Project manager e-mail: d.mihajlovic@aria.co.rs telefon: 060\/31-60-862 3.Tamara Mari\u0107 &#8211; Project manager e-mail: t.milatovic@aria.co.rs telefon: 065\/36-04-590 4. [&hellip;]<\/p>\n","protected":false},"author":32,"featured_media":0,"parent":0,"menu_order":0,"comment_status":"closed","ping_status":"closed","template":"","meta":{"_acf_changed":false,"footnotes":""},"class_list":["post-1763","page","type-page","status-publish","hentry"],"acf":[],"yoast_head":"<!-- This site is optimized with the Yoast SEO plugin v26.0 - https:\/\/yoast.com\/wordpress\/plugins\/seo\/ -->\n<title>Our team<\/title>\n<meta name=\"robots\" content=\"index, follow, max-snippet:-1, max-image-preview:large, max-video-preview:-1\" \/>\n<link rel=\"canonical\" href=\"https:\/\/aria.ariaconference.com\/en\/nas-tim\/\" \/>\n<meta property=\"og:locale\" content=\"en_GB\" \/>\n<meta property=\"og:locale:alternate\" content=\"sr_RS\" \/>\n<meta property=\"og:type\" content=\"article\" \/>\n<meta property=\"og:title\" content=\"Our team\" \/>\n<meta property=\"og:description\" content=\"1. Biljana Latinovi\u0107 Tanaskovi\u0107 &#8211; Direktor e-mail: b.tanaskovic@aria.co.rs telefon: 063\/77-84-184 2. Darja Mihajlovi\u0107 &#8211; Project manager e-mail: d.mihajlovic@aria.co.rs telefon: 060\/31-60-862 3.Tamara Mari\u0107 &#8211; Project manager e-mail: t.milatovic@aria.co.rs telefon: 065\/36-04-590 4. [&hellip;]\" \/>\n<meta property=\"og:url\" content=\"https:\/\/mail.ariaconference.com\/en\/nas-tim\/\" \/>\n<meta property=\"og:site_name\" content=\"Aria Conference &amp; Events\" \/>\n<meta property=\"article:modified_time\" content=\"2022-09-06T12:27:18+00:00\" \/>\n<meta name=\"twitter:card\" content=\"summary_large_image\" \/>\n<meta name=\"twitter:label1\" content=\"Estimated reading time\" \/>\n\t<meta name=\"twitter:data1\" content=\"1 minute\" \/>\n<script type=\"application\/ld+json\" class=\"yoast-schema-graph\">{\"@context\":\"https:\/\/schema.org\",\"@graph\":[{\"@type\":\"WebPage\",\"@id\":\"https:\/\/aria.ariaconference.com\/en\/nas-tim\/\",\"url\":\"https:\/\/aria.ariaconference.com\/en\/nas-tim\/\",\"name\":\"Our team\",\"isPartOf\":{\"@id\":\"https:\/\/aria.co.rs\/#website\"},\"datePublished\":\"2020-05-11T12:07:45+00:00\",\"dateModified\":\"2022-09-06T12:27:18+00:00\",\"breadcrumb\":{\"@id\":\"https:\/\/aria.ariaconference.com\/en\/nas-tim\/#breadcrumb\"},\"inLanguage\":\"en-GB\",\"potentialAction\":[{\"@type\":\"ReadAction\",\"target\":[\"https:\/\/aria.ariaconference.com\/en\/nas-tim\/\"]}]},{\"@type\":\"BreadcrumbList\",\"@id\":\"https:\/\/aria.ariaconference.com\/en\/nas-tim\/#breadcrumb\",\"itemListElement\":[{\"@type\":\"ListItem\",\"position\":1,\"name\":\"Po\u010detna\",\"item\":\"https:\/\/aria.co.rs\/\"},{\"@type\":\"ListItem\",\"position\":2,\"name\":\"Our team\"}]},{\"@type\":\"WebSite\",\"@id\":\"https:\/\/aria.co.rs\/#website\",\"url\":\"https:\/\/aria.co.rs\/\",\"name\":\"Aria Conference & Events\",\"description\":\"Conference & Events\",\"potentialAction\":[{\"@type\":\"SearchAction\",\"target\":{\"@type\":\"EntryPoint\",\"urlTemplate\":\"https:\/\/aria.co.rs\/?s={search_term_string}\"},\"query-input\":{\"@type\":\"PropertyValueSpecification\",\"valueRequired\":true,\"valueName\":\"search_term_string\"}}],\"inLanguage\":\"en-GB\"}]}<\/script>\n<!-- \/ Yoast SEO plugin. -->","yoast_head_json":{"title":"Our team","robots":{"index":"index","follow":"follow","max-snippet":"max-snippet:-1","max-image-preview":"max-image-preview:large","max-video-preview":"max-video-preview:-1"},"canonical":"https:\/\/aria.ariaconference.com\/en\/nas-tim\/","og_locale":"en_GB","og_type":"article","og_title":"[:rs]Na\u0161 tim[:en]Our team[:] - Aria Conference & Events","og_description":"1. Biljana Latinovi\u0107 Tanaskovi\u0107 &#8211; Direktor e-mail: b.tanaskovic@aria.co.rs telefon: 063\/77-84-184 2. Darja Mihajlovi\u0107 &#8211; Project manager e-mail: d.mihajlovic@aria.co.rs telefon: 060\/31-60-862 3.Tamara Mari\u0107 &#8211; Project manager e-mail: t.milatovic@aria.co.rs telefon: 065\/36-04-590 4. [&hellip;]","og_url":"https:\/\/mail.ariaconference.com\/en\/nas-tim\/","og_site_name":"Aria Conference & Events","article_modified_time":"2022-09-06T12:27:18+00:00","twitter_card":"summary_large_image","twitter_misc":{"Estimated reading time":"1 minute"},"schema":{"@context":"https:\/\/schema.org","@graph":[{"@type":"WebPage","@id":"https:\/\/aria.ariaconference.com\/en\/nas-tim\/","url":"https:\/\/aria.ariaconference.com\/en\/nas-tim\/","name":"Our team","isPartOf":{"@id":"https:\/\/aria.co.rs\/#website"},"datePublished":"2020-05-11T12:07:45+00:00","dateModified":"2022-09-06T12:27:18+00:00","breadcrumb":{"@id":"https:\/\/aria.ariaconference.com\/en\/nas-tim\/#breadcrumb"},"inLanguage":"en-GB","potentialAction":[{"@type":"ReadAction","target":["https:\/\/aria.ariaconference.com\/en\/nas-tim\/"]}]},{"@type":"BreadcrumbList","@id":"https:\/\/aria.ariaconference.com\/en\/nas-tim\/#breadcrumb","itemListElement":[{"@type":"ListItem","position":1,"name":"Po\u010detna","item":"https:\/\/aria.co.rs\/"},{"@type":"ListItem","position":2,"name":"Our team"}]},{"@type":"WebSite","@id":"https:\/\/aria.co.rs\/#website","url":"https:\/\/aria.co.rs\/","name":"Aria Conference & Events","description":"Conference & Events","potentialAction":[{"@type":"SearchAction","target":{"@type":"EntryPoint","urlTemplate":"https:\/\/aria.co.rs\/?s={search_term_string}"},"query-input":{"@type":"PropertyValueSpecification","valueRequired":true,"valueName":"search_term_string"}}],"inLanguage":"en-GB"}]}},"_links":{"self":[{"href":"https:\/\/mail.ariaconference.com\/en\/wp-json\/wp\/v2\/pages\/1763","targetHints":{"allow":["GET"]}}],"collection":[{"href":"https:\/\/mail.ariaconference.com\/en\/wp-json\/wp\/v2\/pages"}],"about":[{"href":"https:\/\/mail.ariaconference.com\/en\/wp-json\/wp\/v2\/types\/page"}],"author":[{"embeddable":true,"href":"https:\/\/mail.ariaconference.com\/en\/wp-json\/wp\/v2\/users\/32"}],"replies":[{"embeddable":true,"href":"https:\/\/mail.ariaconference.com\/en\/wp-json\/wp\/v2\/comments?post=1763"}],"version-history":[{"count":5,"href":"https:\/\/mail.ariaconference.com\/en\/wp-json\/wp\/v2\/pages\/1763\/revisions"}],"predecessor-version":[{"id":2517,"href":"https:\/\/mail.ariaconference.com\/en\/wp-json\/wp\/v2\/pages\/1763\/revisions\/2517"}],"wp:attachment":[{"href":"https:\/\/mail.ariaconference.com\/en\/wp-json\/wp\/v2\/media?parent=1763"}],"curies":[{"name":"wp","href":"https:\/\/api.w.org\/{rel}","templated":true}]}}